{"id":506,"date":"2021-03-01T15:05:22","date_gmt":"2021-03-01T20:05:22","guid":{"rendered":"https:\/\/entrepotsmayer.com\/storage\/entreposage-industriel\/"},"modified":"2021-10-27T11:47:49","modified_gmt":"2021-10-27T15:47:49","slug":"industrial-storage","status":"publish","type":"page","link":"https:\/\/entrepotsmayer.com\/en\/storage\/industrial-storage\/","title":{"rendered":"Industrial Storage"},"content":{"rendered":"","protected":false},"excerpt":{"rendered":"","protected":false},"author":1,"featured_media":0,"parent":276,"menu_order":75,"comment_status":"closed","ping_status":"closed","template":"","meta":{"footnotes":""},"class_list":["post-506","page","type-page","status-publish","hentry"],"yoast_head":"<!-- This site is optimized with the Yoast SEO plugin v24.7 - https:\/\/yoast.com\/wordpress\/plugins\/seo\/ -->\n<title>Industrial Storage - Entrep\u00f4ts Gatineau - Entrep\u00f4ts Mayer<\/title>\n<meta name=\"description\" content=\"If you need to store large equipment, Entrep\u00f4ts Mayer provides a range of Gatineau solutions designed and engineered to meet your needs. Contact us!\" \/>\n<meta name=\"robots\" content=\"index, follow, max-snippet:-1, max-image-preview:large, max-video-preview:-1\" \/>\n<link rel=\"canonical\" href=\"https:\/\/entrepotsmayer.com\/nos-espaces-dentreposage-3\/entreposage-industriel\/\" \/>\n<meta property=\"og:locale\" content=\"en_US\" \/>\n<meta property=\"og:type\" content=\"article\" \/>\n<meta property=\"og:title\" content=\"Industrial Storage - Entrep\u00f4ts Gatineau - Entrep\u00f4ts Mayer\" \/>\n<meta property=\"og:description\" content=\"If you need to store large equipment, Entrep\u00f4ts Mayer provides a range of Gatineau solutions designed and engineered to meet your needs. Contact us!\" \/>\n<meta property=\"og:url\" content=\"https:\/\/entrepotsmayer.com\/nos-espaces-dentreposage-3\/entreposage-industriel\/\" \/>\n<meta property=\"og:site_name\" content=\"Entrep\u00f4ts Mayer\" \/>\n<meta property=\"article:modified_time\" content=\"2021-10-27T15:47:49+00:00\" \/>\n<meta name=\"twitter:card\" content=\"summary_large_image\" \/>\n<script type=\"application\/ld+json\" class=\"yoast-schema-graph\">{\"@context\":\"https:\/\/schema.org\",\"@graph\":[{\"@type\":\"WebPage\",\"@id\":\"https:\/\/entrepotsmayer.com\/nos-espaces-dentreposage-3\/entreposage-industriel\/\",\"url\":\"https:\/\/entrepotsmayer.com\/nos-espaces-dentreposage-3\/entreposage-industriel\/\",\"name\":\"Industrial Storage - Entrep\u00f4ts Gatineau - Entrep\u00f4ts Mayer\",\"isPartOf\":{\"@id\":\"https:\/\/entrepotsmayer.com\/#website\"},\"datePublished\":\"2021-03-01T20:05:22+00:00\",\"dateModified\":\"2021-10-27T15:47:49+00:00\",\"description\":\"If you need to store large equipment, Entrep\u00f4ts Mayer provides a range of Gatineau solutions designed and engineered to meet your needs. Contact us!\",\"breadcrumb\":{\"@id\":\"https:\/\/entrepotsmayer.com\/nos-espaces-dentreposage-3\/entreposage-industriel\/#breadcrumb\"},\"inLanguage\":\"en-US\",\"potentialAction\":[{\"@type\":\"ReadAction\",\"target\":[\"https:\/\/entrepotsmayer.com\/nos-espaces-dentreposage-3\/entreposage-industriel\/\"]}]},{\"@type\":\"BreadcrumbList\",\"@id\":\"https:\/\/entrepotsmayer.com\/nos-espaces-dentreposage-3\/entreposage-industriel\/#breadcrumb\",\"itemListElement\":[{\"@type\":\"ListItem\",\"position\":1,\"name\":\"Accueil\",\"item\":\"https:\/\/entrepotsmayer.com\/en\/\"},{\"@type\":\"ListItem\",\"position\":2,\"name\":\"Gatineau Storage\",\"item\":\"https:\/\/entrepotsmayer.com\/en\/storage\/\"},{\"@type\":\"ListItem\",\"position\":3,\"name\":\"Industrial Storage\"}]},{\"@type\":\"WebSite\",\"@id\":\"https:\/\/entrepotsmayer.com\/#website\",\"url\":\"https:\/\/entrepotsmayer.com\/\",\"name\":\"Entrep\u00f4ts Mayer\",\"description\":\"Votre solution d\u2019entreposage commerciale, r\u00e9sidentielle et industrielle!\",\"potentialAction\":[{\"@type\":\"SearchAction\",\"target\":{\"@type\":\"EntryPoint\",\"urlTemplate\":\"https:\/\/entrepotsmayer.com\/?s={search_term_string}\"},\"query-input\":{\"@type\":\"PropertyValueSpecification\",\"valueRequired\":true,\"valueName\":\"search_term_string\"}}],\"inLanguage\":\"en-US\"}]}<\/script>\n<!-- \/ Yoast SEO plugin. -->","yoast_head_json":{"title":"Industrial Storage - Entrep\u00f4ts Gatineau - Entrep\u00f4ts Mayer","description":"If you need to store large equipment, Entrep\u00f4ts Mayer provides a range of Gatineau solutions designed and engineered to meet your needs. Contact us!","robots":{"index":"index","follow":"follow","max-snippet":"max-snippet:-1","max-image-preview":"max-image-preview:large","max-video-preview":"max-video-preview:-1"},"canonical":"https:\/\/entrepotsmayer.com\/nos-espaces-dentreposage-3\/entreposage-industriel\/","og_locale":"en_US","og_type":"article","og_title":"Industrial Storage - Entrep\u00f4ts Gatineau - Entrep\u00f4ts Mayer","og_description":"If you need to store large equipment, Entrep\u00f4ts Mayer provides a range of Gatineau solutions designed and engineered to meet your needs. Contact us!","og_url":"https:\/\/entrepotsmayer.com\/nos-espaces-dentreposage-3\/entreposage-industriel\/","og_site_name":"Entrep\u00f4ts Mayer","article_modified_time":"2021-10-27T15:47:49+00:00","twitter_card":"summary_large_image","schema":{"@context":"https:\/\/schema.org","@graph":[{"@type":"WebPage","@id":"https:\/\/entrepotsmayer.com\/nos-espaces-dentreposage-3\/entreposage-industriel\/","url":"https:\/\/entrepotsmayer.com\/nos-espaces-dentreposage-3\/entreposage-industriel\/","name":"Industrial Storage - Entrep\u00f4ts Gatineau - Entrep\u00f4ts Mayer","isPartOf":{"@id":"https:\/\/entrepotsmayer.com\/#website"},"datePublished":"2021-03-01T20:05:22+00:00","dateModified":"2021-10-27T15:47:49+00:00","description":"If you need to store large equipment, Entrep\u00f4ts Mayer provides a range of Gatineau solutions designed and engineered to meet your needs. Contact us!","breadcrumb":{"@id":"https:\/\/entrepotsmayer.com\/nos-espaces-dentreposage-3\/entreposage-industriel\/#breadcrumb"},"inLanguage":"en-US","potentialAction":[{"@type":"ReadAction","target":["https:\/\/entrepotsmayer.com\/nos-espaces-dentreposage-3\/entreposage-industriel\/"]}]},{"@type":"BreadcrumbList","@id":"https:\/\/entrepotsmayer.com\/nos-espaces-dentreposage-3\/entreposage-industriel\/#breadcrumb","itemListElement":[{"@type":"ListItem","position":1,"name":"Accueil","item":"https:\/\/entrepotsmayer.com\/en\/"},{"@type":"ListItem","position":2,"name":"Gatineau Storage","item":"https:\/\/entrepotsmayer.com\/en\/storage\/"},{"@type":"ListItem","position":3,"name":"Industrial Storage"}]},{"@type":"WebSite","@id":"https:\/\/entrepotsmayer.com\/#website","url":"https:\/\/entrepotsmayer.com\/","name":"Entrep\u00f4ts Mayer","description":"Votre solution d\u2019entreposage commerciale, r\u00e9sidentielle et industrielle!","potentialAction":[{"@type":"SearchAction","target":{"@type":"EntryPoint","urlTemplate":"https:\/\/entrepotsmayer.com\/?s={search_term_string}"},"query-input":{"@type":"PropertyValueSpecification","valueRequired":true,"valueName":"search_term_string"}}],"inLanguage":"en-US"}]}},"_links":{"self":[{"href":"https:\/\/entrepotsmayer.com\/en\/wp-json\/wp\/v2\/pages\/506","targetHints":{"allow":["GET"]}}],"collection":[{"href":"https:\/\/entrepotsmayer.com\/en\/wp-json\/wp\/v2\/pages"}],"about":[{"href":"https:\/\/entrepotsmayer.com\/en\/wp-json\/wp\/v2\/types\/page"}],"author":[{"embeddable":true,"href":"https:\/\/entrepotsmayer.com\/en\/wp-json\/wp\/v2\/users\/1"}],"replies":[{"embeddable":true,"href":"https:\/\/entrepotsmayer.com\/en\/wp-json\/wp\/v2\/comments?post=506"}],"version-history":[{"count":5,"href":"https:\/\/entrepotsmayer.com\/en\/wp-json\/wp\/v2\/pages\/506\/revisions"}],"predecessor-version":[{"id":656,"href":"https:\/\/entrepotsmayer.com\/en\/wp-json\/wp\/v2\/pages\/506\/revisions\/656"}],"up":[{"embeddable":true,"href":"https:\/\/entrepotsmayer.com\/en\/wp-json\/wp\/v2\/pages\/276"}],"wp:attachment":[{"href":"https:\/\/entrepotsmayer.com\/en\/wp-json\/wp\/v2\/media?parent=506"}],"curies":[{"name":"wp","href":"https:\/\/api.w.org\/{rel}","templated":true}]}}